{"id":25,"date":"2020-07-01T20:38:44","date_gmt":"2020-07-01T18:38:44","guid":{"rendered":"http:\/\/mojevoda.com\/?page_id=25"},"modified":"2020-09-30T22:21:11","modified_gmt":"2020-09-30T20:21:11","slug":"o-nas","status":"publish","type":"page","link":"https:\/\/mojevoda.com\/index.php\/o-nas\/","title":{"rendered":"Pramen"},"content":{"rendered":"\n<h1 class=\"wp-block-heading\">Voda v kvalit\u011b nejlep\u0161\u00edch kojeneck\u00fdch vod<\/h1>\n\n\n\n<p>Pramen Moje voda je st\u00e1\u010den z prameni\u0161t\u011b v Kralic\u00edch nad Oslavou.<\/p>\n\n\n\n<p>Pro svoji n\u00edzkou mineralizaci je vhodn\u00e1 k p\u0159\u00edprav\u011b kojeneck\u00e9 stravy.<\/p>\n\n\n\n<h4 class=\"wp-block-heading\">Miner\u00e1ln\u00ed slo\u017een\u00ed<\/h4>\n\n\n\n<figure class=\"wp-block-table\"><table><tbody><tr><td>L\u00e1tka<\/td><td>Limity pro kojeneckou vodu<\/td><td>Pramen Moje Voda<\/td><\/tr><tr><td><\/td><td><\/td><td><\/td><\/tr><tr><td>Dusi\u010dnany<\/td><td>&lt; 10,00 mg\/l<\/td><td>&lt; 7,40 mg\/l<\/td><\/tr><tr><td>Dusitany<\/td><td>&lt; 0,02 mg\/l<\/td><td>0,02 mg\/l<\/td><\/tr><tr><td>V\u00e1pn\u00edk<\/td><td><\/td><td>38,90 mg\/l<\/td><\/tr><tr><td>Ho\u0159\u010d\u00edk<\/td><td><\/td><td>5,20 mg\/l<\/td><\/tr><tr><td>\u017delezo<\/td><td><\/td><td>0,03 mg\/l<\/td><\/tr><tr><td>Sod\u00edk<\/td><td><\/td><td>6,60 mg\/l<\/td><\/tr><tr><td>Fluoridy<\/td><td><\/td><td>&lt; 0,01 mg\/l<\/td><\/tr><tr><td>Chloridy<\/td><td><\/td><td>7,00 mg\/l<\/td><\/tr><tr><td>S\u00edrany<\/td><td><\/td><td>23,90 mg\/l<\/td><\/tr><\/tbody><\/table><\/figure>\n","protected":false},"excerpt":{"rendered":"<p>Voda v kvalit\u011b nejlep\u0161\u00edch kojeneck\u00fdch vod Pramen Moje voda je st\u00e1\u010den z prameni\u0161t\u011b v Kralic\u00edch nad Oslavou. Pro svoji n\u00edzkou mineralizaci je vhodn\u00e1 k p\u0159\u00edprav\u011b kojeneck\u00e9 stravy. Miner\u00e1ln\u00ed slo\u017een\u00ed L\u00e1tka Limity pro kojeneckou vodu Pramen Moje Voda Dusi\u010dnany &lt; 10,00 mg\/l &lt; 7,40 mg\/l Dusitany &lt; 0,02 mg\/l 0,02 mg\/l V\u00e1pn\u00edk 38,90 mg\/l Ho\u0159\u010d\u00edk 5,20&hellip; <br \/> <a class=\"read-more\" href=\"https:\/\/mojevoda.com\/index.php\/o-nas\/\">V\u00edce<\/a><\/p>\n","protected":false},"author":1,"featured_media":0,"parent":0,"menu_order":0,"comment_status":"closed","ping_status":"closed","template":"","meta":{"footnotes":""},"yoast_head":"<!-- This site is optimized with the Yoast SEO plugin v24.3 - https:\/\/yoast.com\/wordpress\/plugins\/seo\/ -->\n<title>Pramen - Mojevoda.com<\/title>\n<meta name=\"robots\" content=\"index, follow, max-snippet:-1, max-image-preview:large, max-video-preview:-1\" \/>\n<link rel=\"canonical\" href=\"https:\/\/mojevoda.com\/index.php\/o-nas\/\" \/>\n<meta property=\"og:locale\" content=\"cs_CZ\" \/>\n<meta property=\"og:type\" content=\"article\" \/>\n<meta property=\"og:title\" content=\"Pramen - Mojevoda.com\" \/>\n<meta property=\"og:description\" content=\"Voda v kvalit\u011b nejlep\u0161\u00edch kojeneck\u00fdch vod Pramen Moje voda je st\u00e1\u010den z prameni\u0161t\u011b v Kralic\u00edch nad Oslavou. Pro svoji n\u00edzkou mineralizaci je vhodn\u00e1 k p\u0159\u00edprav\u011b kojeneck\u00e9 stravy. Miner\u00e1ln\u00ed slo\u017een\u00ed L\u00e1tka Limity pro kojeneckou vodu Pramen Moje Voda Dusi\u010dnany &lt; 10,00 mg\/l &lt; 7,40 mg\/l Dusitany &lt; 0,02 mg\/l 0,02 mg\/l V\u00e1pn\u00edk 38,90 mg\/l Ho\u0159\u010d\u00edk 5,20&hellip; V\u00edce\" \/>\n<meta property=\"og:url\" content=\"https:\/\/mojevoda.com\/index.php\/o-nas\/\" \/>\n<meta property=\"og:site_name\" content=\"Mojevoda.com\" \/>\n<meta property=\"article:modified_time\" content=\"2020-09-30T20:21:11+00:00\" \/>\n<meta name=\"twitter:card\" content=\"summary_large_image\" \/>\n<script type=\"application\/ld+json\" class=\"yoast-schema-graph\">{\"@context\":\"https:\/\/schema.org\",\"@graph\":[{\"@type\":\"WebPage\",\"@id\":\"https:\/\/mojevoda.com\/index.php\/o-nas\/\",\"url\":\"https:\/\/mojevoda.com\/index.php\/o-nas\/\",\"name\":\"Pramen - Mojevoda.com\",\"isPartOf\":{\"@id\":\"https:\/\/mojevoda.com\/#website\"},\"datePublished\":\"2020-07-01T18:38:44+00:00\",\"dateModified\":\"2020-09-30T20:21:11+00:00\",\"breadcrumb\":{\"@id\":\"https:\/\/mojevoda.com\/index.php\/o-nas\/#breadcrumb\"},\"inLanguage\":\"cs\",\"potentialAction\":[{\"@type\":\"ReadAction\",\"target\":[\"https:\/\/mojevoda.com\/index.php\/o-nas\/\"]}]},{\"@type\":\"BreadcrumbList\",\"@id\":\"https:\/\/mojevoda.com\/index.php\/o-nas\/#breadcrumb\",\"itemListElement\":[{\"@type\":\"ListItem\",\"position\":1,\"name\":\"Dom\u016f\",\"item\":\"https:\/\/mojevoda.com\/\"},{\"@type\":\"ListItem\",\"position\":2,\"name\":\"Pramen\"}]},{\"@type\":\"WebSite\",\"@id\":\"https:\/\/mojevoda.com\/#website\",\"url\":\"https:\/\/mojevoda.com\/\",\"name\":\"Mojevoda.com\",\"description\":\"\",\"potentialAction\":[{\"@type\":\"SearchAction\",\"target\":{\"@type\":\"EntryPoint\",\"urlTemplate\":\"https:\/\/mojevoda.com\/?s={search_term_string}\"},\"query-input\":{\"@type\":\"PropertyValueSpecification\",\"valueRequired\":true,\"valueName\":\"search_term_string\"}}],\"inLanguage\":\"cs\"}]}<\/script>\n<!-- \/ Yoast SEO plugin. -->","yoast_head_json":{"title":"Pramen - Mojevoda.com","robots":{"index":"index","follow":"follow","max-snippet":"max-snippet:-1","max-image-preview":"max-image-preview:large","max-video-preview":"max-video-preview:-1"},"canonical":"https:\/\/mojevoda.com\/index.php\/o-nas\/","og_locale":"cs_CZ","og_type":"article","og_title":"Pramen - Mojevoda.com","og_description":"Voda v kvalit\u011b nejlep\u0161\u00edch kojeneck\u00fdch vod Pramen Moje voda je st\u00e1\u010den z prameni\u0161t\u011b v Kralic\u00edch nad Oslavou. Pro svoji n\u00edzkou mineralizaci je vhodn\u00e1 k p\u0159\u00edprav\u011b kojeneck\u00e9 stravy. Miner\u00e1ln\u00ed slo\u017een\u00ed L\u00e1tka Limity pro kojeneckou vodu Pramen Moje Voda Dusi\u010dnany &lt; 10,00 mg\/l &lt; 7,40 mg\/l Dusitany &lt; 0,02 mg\/l 0,02 mg\/l V\u00e1pn\u00edk 38,90 mg\/l Ho\u0159\u010d\u00edk 5,20&hellip; V\u00edce","og_url":"https:\/\/mojevoda.com\/index.php\/o-nas\/","og_site_name":"Mojevoda.com","article_modified_time":"2020-09-30T20:21:11+00:00","twitter_card":"summary_large_image","schema":{"@context":"https:\/\/schema.org","@graph":[{"@type":"WebPage","@id":"https:\/\/mojevoda.com\/index.php\/o-nas\/","url":"https:\/\/mojevoda.com\/index.php\/o-nas\/","name":"Pramen - Mojevoda.com","isPartOf":{"@id":"https:\/\/mojevoda.com\/#website"},"datePublished":"2020-07-01T18:38:44+00:00","dateModified":"2020-09-30T20:21:11+00:00","breadcrumb":{"@id":"https:\/\/mojevoda.com\/index.php\/o-nas\/#breadcrumb"},"inLanguage":"cs","potentialAction":[{"@type":"ReadAction","target":["https:\/\/mojevoda.com\/index.php\/o-nas\/"]}]},{"@type":"BreadcrumbList","@id":"https:\/\/mojevoda.com\/index.php\/o-nas\/#breadcrumb","itemListElement":[{"@type":"ListItem","position":1,"name":"Dom\u016f","item":"https:\/\/mojevoda.com\/"},{"@type":"ListItem","position":2,"name":"Pramen"}]},{"@type":"WebSite","@id":"https:\/\/mojevoda.com\/#website","url":"https:\/\/mojevoda.com\/","name":"Mojevoda.com","description":"","potentialAction":[{"@type":"SearchAction","target":{"@type":"EntryPoint","urlTemplate":"https:\/\/mojevoda.com\/?s={search_term_string}"},"query-input":{"@type":"PropertyValueSpecification","valueRequired":true,"valueName":"search_term_string"}}],"inLanguage":"cs"}]}},"_links":{"self":[{"href":"https:\/\/mojevoda.com\/index.php\/wp-json\/wp\/v2\/pages\/25"}],"collection":[{"href":"https:\/\/mojevoda.com\/index.php\/wp-json\/wp\/v2\/pages"}],"about":[{"href":"https:\/\/mojevoda.com\/index.php\/wp-json\/wp\/v2\/types\/page"}],"author":[{"embeddable":true,"href":"https:\/\/mojevoda.com\/index.php\/wp-json\/wp\/v2\/users\/1"}],"replies":[{"embeddable":true,"href":"https:\/\/mojevoda.com\/index.php\/wp-json\/wp\/v2\/comments?post=25"}],"version-history":[{"count":8,"href":"https:\/\/mojevoda.com\/index.php\/wp-json\/wp\/v2\/pages\/25\/revisions"}],"predecessor-version":[{"id":298,"href":"https:\/\/mojevoda.com\/index.php\/wp-json\/wp\/v2\/pages\/25\/revisions\/298"}],"wp:attachment":[{"href":"https:\/\/mojevoda.com\/index.php\/wp-json\/wp\/v2\/media?parent=25"}],"curies":[{"name":"wp","href":"https:\/\/api.w.org\/{rel}","templated":true}]}}